{"id":243,"date":"2018-05-23T12:40:48","date_gmt":"2018-05-23T12:40:48","guid":{"rendered":"http:\/\/www.ccc-ev.com\/w4\/?page_id=243"},"modified":"2024-08-29T17:41:24","modified_gmt":"2024-08-29T17:41:24","slug":"kontakt","status":"publish","type":"page","link":"https:\/\/www.ccc-ev.com\/w4\/kontakt\/","title":{"rendered":"Kontakt"},"content":{"rendered":"<p><strong>Vereinsvorsitzender<\/strong><br \/>\nKai Ziegenbalg<br \/>\nCunnersdorfer Str. 2e<br \/>\n01824 Gohrisch<\/p>\n<p><a href=\"mailto:vorstand@ccc-ev.com\">vorstand@ccc-ev.com<\/a><\/p>\n<p><strong>stellv. Vorsitzender<\/strong><br \/>\nRen\u00e9 Felber<\/p>\n<p><a href=\"mailto:vorstand@ccc-ev.com\">vorstand@ccc-ev.com<\/a><\/p>\n<p><strong>Pr\u00e4sident<\/strong><br \/>\nBenjamin M\u00e4nnel<br \/>\nCunnersdorfer Str. 2e<br \/>\n01824 Gohrisch<\/p>\n<p><a href=\"mailto:vorstand@ccc-ev.com\">vorstand@ccc-ev.com<\/a><br \/>\n0173 \/ 9073378<\/p>\n<p><strong>Vermietung<\/strong><br \/>\n<a href=\"mailto:vermietung@ccc-ev.com\">vermietung@ccc-ev.com<\/a><\/p>\n","protected":false},"excerpt":{"rendered":"<p>Vereinsvorsitzender Kai Ziegenbalg Cunnersdorfer Str. 2e 01824 Gohrisch vorstand@ccc-ev.com stellv. Vorsitzender Ren\u00e9 Felber vorstand@ccc-ev.com Pr\u00e4sident Benjamin M\u00e4nnel Cunnersdorfer Str. 2e 01824 Gohrisch vorstand@ccc-ev.com 0173 \/ 9073378 Vermietung vermietung@ccc-ev.com<\/p>\n","protected":false},"author":1,"featured_media":0,"parent":0,"menu_order":0,"comment_status":"closed","ping_status":"closed","template":"","meta":{"footnotes":""},"class_list":["post-243","page","type-page","status-publish","hentry"],"publishpress_future_action":{"enabled":false,"date":"2026-04-29 13:42:50","action":"change-status","newStatus":"draft","terms":[],"taxonomy":"","extraData":[]},"publishpress_future_workflow_manual_trigger":{"enabledWorkflows":[]},"_links":{"self":[{"href":"https:\/\/www.ccc-ev.com\/w4\/wp-json\/wp\/v2\/pages\/243","targetHints":{"allow":["GET"]}}],"collection":[{"href":"https:\/\/www.ccc-ev.com\/w4\/wp-json\/wp\/v2\/pages"}],"about":[{"href":"https:\/\/www.ccc-ev.com\/w4\/wp-json\/wp\/v2\/types\/page"}],"author":[{"embeddable":true,"href":"https:\/\/www.ccc-ev.com\/w4\/wp-json\/wp\/v2\/users\/1"}],"replies":[{"embeddable":true,"href":"https:\/\/www.ccc-ev.com\/w4\/wp-json\/wp\/v2\/comments?post=243"}],"version-history":[{"count":8,"href":"https:\/\/www.ccc-ev.com\/w4\/wp-json\/wp\/v2\/pages\/243\/revisions"}],"predecessor-version":[{"id":3055,"href":"https:\/\/www.ccc-ev.com\/w4\/wp-json\/wp\/v2\/pages\/243\/revisions\/3055"}],"wp:attachment":[{"href":"https:\/\/www.ccc-ev.com\/w4\/wp-json\/wp\/v2\/media?parent=243"}],"curies":[{"name":"wp","href":"https:\/\/api.w.org\/{rel}","templated":true}]}}